{"id":89,"date":"2018-09-15T01:00:19","date_gmt":"2018-09-15T01:00:19","guid":{"rendered":"http:\/\/coisasdemonica.com.br\/?page_id=89"},"modified":"2021-05-24T16:18:59","modified_gmt":"2021-05-24T19:18:59","slug":"sobre","status":"publish","type":"page","link":"https:\/\/coisasdemonica.com.br\/?page_id=89","title":{"rendered":"Sobre"},"content":{"rendered":"\n\n\n<p class=\"has-text-align-center\">Eu sou&nbsp;a imagem e semelhan\u00e7a&nbsp;Daquele que me fez. <br>Uma&nbsp;mistura de cumbia, vallenato e salsa. <br>Filha de dois colombianos, &nbsp;Carmen e Juvenal , nasceu em S\u00e3o Paulo , cidade da garoa. <br>Dessa&nbsp;<em>Hist\u00f3ria de Amor ,&nbsp;<\/em>tamb\u00e9m nasceu o amado&nbsp;<em>Walter<\/em>&nbsp;<em>Piel de Canela.<\/em> Infelizmente, essa hist\u00f3ria foi interrompida com a separa\u00e7\u00e3o dos pais. Levantou-se ent\u00e3o, uma batalha&nbsp;entre a ingenuidade&nbsp;e a soberba, a cabeleireira e o engenheiro. Quem venceria? Nada poderia se esperar dessas duas criaturas, assim acho que pensavam quem os rodeava. <br>A FAM\u00cdLIA acabou. <br>O inimigo havia vencido a batalha. O tempo passou. E como \u00e9 t\u00edpico de Deus, pra quem acredita, \u00e9 claro , ele fez renascer esta pequenina FAM\u00cdLIA (nos trancos e barrancos, mas quem \u00e9 perfeito?). <br>Encontrei,&nbsp; Aquele que \u00e9 digno de toda honra,&nbsp; que esteve comigo &nbsp;em todos os momentos mais angustiantes e sem esperan\u00e7a da minha vida: JESUS! Permitiu que eu tivesse minha fam\u00edlia, meu esposo Alex, e at\u00e9 me deu tr\u00eas lindos sobrinhos : Giulia, Henrique e Lucas. A nova gera\u00e7\u00e3o. <br>Tenho muito que aprender , ainda n\u00e3o estou completa , falta alguns detalhes, mas sei que vou chegar l\u00e1. Agrade\u00e7o \u00e0 Deus por tudo que me deu, sem Ele nada poderia fazer. <br>Quem venceu?<\/p>\n","protected":false},"excerpt":{"rendered":"<p>Eu sou&nbsp;a imagem e semelhan\u00e7a&nbsp;Daquele que me fez. Uma&nbsp;mistura de cumbia, vallenato e salsa. Filha de dois colombianos, &nbsp;Carmen e Juvenal , nasceu em S\u00e3o &hellip; <\/p>\n","protected":false},"author":1,"featured_media":428,"parent":0,"menu_order":0,"comment_status":"closed","ping_status":"closed","template":"","meta":{"footnotes":""},"class_list":["post-89","page","type-page","status-publish","has-post-thumbnail","hentry","latest_post"],"_links":{"self":[{"href":"https:\/\/coisasdemonica.com.br\/index.php?rest_route=\/wp\/v2\/pages\/89"}],"collection":[{"href":"https:\/\/coisasdemonica.com.br\/index.php?rest_route=\/wp\/v2\/pages"}],"about":[{"href":"https:\/\/coisasdemonica.com.br\/index.php?rest_route=\/wp\/v2\/types\/page"}],"author":[{"embeddable":true,"href":"https:\/\/coisasdemonica.com.br\/index.php?rest_route=\/wp\/v2\/users\/1"}],"replies":[{"embeddable":true,"href":"https:\/\/coisasdemonica.com.br\/index.php?rest_route=%2Fwp%2Fv2%2Fcomments&post=89"}],"version-history":[{"count":3,"href":"https:\/\/coisasdemonica.com.br\/index.php?rest_route=\/wp\/v2\/pages\/89\/revisions"}],"predecessor-version":[{"id":432,"href":"https:\/\/coisasdemonica.com.br\/index.php?rest_route=\/wp\/v2\/pages\/89\/revisions\/432"}],"wp:featuredmedia":[{"embeddable":true,"href":"https:\/\/coisasdemonica.com.br\/index.php?rest_route=\/wp\/v2\/media\/428"}],"wp:attachment":[{"href":"https:\/\/coisasdemonica.com.br\/index.php?rest_route=%2Fwp%2Fv2%2Fmedia&parent=89"}],"curies":[{"name":"wp","href":"https:\/\/api.w.org\/{rel}","templated":true}]}}